{"id":187,"date":"2020-04-11T13:01:56","date_gmt":"2020-04-11T11:01:56","guid":{"rendered":"http:\/\/cooknthegang.com\/?page_id=187"},"modified":"2021-09-28T09:49:29","modified_gmt":"2021-09-28T07:49:29","slug":"menus","status":"publish","type":"page","link":"https:\/\/cooknthegang.com\/index.php\/menus\/","title":{"rendered":"Notre cuisine"},"content":{"rendered":"\n<p>Notre cuisine se veut cr\u00e9ative, saine, et m\u00e9tiss\u00e9e. Elle prend ses racines dans la gastronomie Fran\u00e7aise, M\u00e9diterran\u00e9enne (notamment l&#8217;Italie et le Moyen-Orient), et Asiatique. Vous trouverez ici des menus que l&#8217;on a mis en \u0153uvre, et ainsi d\u00e9couvrir un peu de notre identit\u00e9 culinaire. Notre carte change constamment au cours du temps, notamment en fonction des saisons &#8211; nous ne souhaitons pas travailler des produits hors saison &#8211; et de nos envies. Nous portons une grande attention \u00e0 nos approvisionnements : nous sommes pour beaucoup de produits en direct producteur, bio ou agriculture raisonn\u00e9e. Aucun produit animal ne provient d&#8217;\u00e9levage intensif.<\/p>\n\n\n\n<ul><li>Tofu-bun, la version v\u00e9g\u00e9tale du Bo-bun<\/li><\/ul>\n\n\n\n<figure class=\"wp-block-image size-large\"><img loading=\"lazy\" width=\"1024\" height=\"830\" src=\"http:\/\/cooknthegang.com\/wp-content\/uploads\/2021\/09\/Tofu-bun-1024x830.jpg\" alt=\"\" class=\"wp-image-567\" srcset=\"https:\/\/cooknthegang.com\/wp-content\/uploads\/2021\/09\/Tofu-bun-1024x830.jpg 1024w, https:\/\/cooknthegang.com\/wp-content\/uploads\/2021\/09\/Tofu-bun-300x243.jpg 300w, https:\/\/cooknthegang.com\/wp-content\/uploads\/2021\/09\/Tofu-bun-768x623.jpg 768w, https:\/\/cooknthegang.com\/wp-content\/uploads\/2021\/09\/Tofu-bun-1536x1245.jpg 1536w, https:\/\/cooknthegang.com\/wp-content\/uploads\/2021\/09\/Tofu-bun-2048x1660.jpg 2048w\" sizes=\"(max-width: 767px) 89vw, (max-width: 1000px) 54vw, (max-width: 1071px) 543px, 580px\" \/><\/figure>\n\n\n\n<ul><li>Aubergines r\u00f4ties \u00e0 la chermoula, riz Tha\u00ef bio pilaf<ul><li>Avec du boeuf hach\u00e9 fa\u00e7on kefta, pignons de pin et sauce blanche<\/li><li>Avec des pois chiche au cumin, pignons de pin et sauce blanche<\/li><\/ul><\/li><li><em>La chermoula est une p\u00e2te nord-africaine dont on badigeonne les aubergines, compos\u00e9e d\u2019ail, cumin, coriandre, paprika et citron confit<\/em><\/li><\/ul>\n\n\n\n<p><\/p>\n\n\n\n<ul><li><strong>Les nouilles au bouillon, une sp\u00e9cialit\u00e9 de la maison !<\/strong> Que ce soit des version Japonaises (Ramen) ou des versions Tha\u00ef, nous vous proposons ce plat tr\u00e8s consomm\u00e9 en Asie, \u00e0 toute heure et en toute saison.<\/li><\/ul>\n\n\n\n<figure class=\"wp-block-image size-large\"><img loading=\"lazy\" width=\"517\" height=\"776\" src=\"http:\/\/cooknthegang.com\/wp-content\/uploads\/2021\/09\/Ramen-du-banc-1-1.jpg\" alt=\"\" class=\"wp-image-572\" srcset=\"https:\/\/cooknthegang.com\/wp-content\/uploads\/2021\/09\/Ramen-du-banc-1-1.jpg 517w, https:\/\/cooknthegang.com\/wp-content\/uploads\/2021\/09\/Ramen-du-banc-1-1-200x300.jpg 200w\" sizes=\"(max-width: 517px) 100vw, 517px\" \/><\/figure>\n\n\n\n<ul><li><strong>Curry vert Tha\u00ef (p\u00e2te de curry maison &#8211; une explosion de saveurs &#8211; cr\u00e8me et lait de coco)<\/strong><\/li><li>Version v\u00e9g\u00e9tarienne avec du potiron vapeur, des courgettes, des pois chiches (prot\u00e9ines) et un pickles de betterave <\/li><li>Version carn\u00e9e avec du poulet label rouge<\/li><\/ul>\n\n\n\n<figure class=\"wp-block-image size-large\"><img loading=\"lazy\" width=\"1024\" height=\"848\" src=\"http:\/\/cooknthegang.com\/wp-content\/uploads\/2020\/05\/Curry-vert-emporter-1024x848.jpg\" alt=\"\" class=\"wp-image-313\" srcset=\"https:\/\/cooknthegang.com\/wp-content\/uploads\/2020\/05\/Curry-vert-emporter-1024x848.jpg 1024w, https:\/\/cooknthegang.com\/wp-content\/uploads\/2020\/05\/Curry-vert-emporter-300x249.jpg 300w, https:\/\/cooknthegang.com\/wp-content\/uploads\/2020\/05\/Curry-vert-emporter-768x636.jpg 768w, https:\/\/cooknthegang.com\/wp-content\/uploads\/2020\/05\/Curry-vert-emporter-1536x1273.jpg 1536w, https:\/\/cooknthegang.com\/wp-content\/uploads\/2020\/05\/Curry-vert-emporter-2048x1697.jpg 2048w\" sizes=\"(max-width: 767px) 89vw, (max-width: 1000px) 54vw, (max-width: 1071px) 543px, 580px\" \/><\/figure>\n\n\n\n<ul><li><strong>Tous les l\u00e9gumes sont bio<\/strong><\/li><li>Moelleux chocolat 65%\/amandes<\/li><\/ul>\n\n\n\n<figure class=\"wp-block-image size-large\"><img loading=\"lazy\" width=\"1024\" height=\"683\" src=\"http:\/\/cooknthegang.com\/wp-content\/uploads\/2020\/04\/Moelleux-choc-1024x683.jpg\" alt=\"\" class=\"wp-image-168\" srcset=\"https:\/\/cooknthegang.com\/wp-content\/uploads\/2020\/04\/Moelleux-choc-1024x683.jpg 1024w, https:\/\/cooknthegang.com\/wp-content\/uploads\/2020\/04\/Moelleux-choc-300x200.jpg 300w, https:\/\/cooknthegang.com\/wp-content\/uploads\/2020\/04\/Moelleux-choc-768x512.jpg 768w, https:\/\/cooknthegang.com\/wp-content\/uploads\/2020\/04\/Moelleux-choc-1536x1024.jpg 1536w, https:\/\/cooknthegang.com\/wp-content\/uploads\/2020\/04\/Moelleux-choc-2048x1365.jpg 2048w\" sizes=\"(max-width: 767px) 89vw, (max-width: 1000px) 54vw, (max-width: 1071px) 543px, 580px\" \/><\/figure>\n\n\n\n<ul><li>&#8220;Verrine&#8221; fraises Clery, fromage blanc, \u00e9miett\u00e9 de speculoos maison<\/li><li><em>Fraise Clery en conversion bio de Castelnaut d&#8217;Estrefonds<\/em>,<em> provisionn\u00e9es \u00e0 l&#8217;\u00e9picerie &#8220;Le Bouche \u00e0 Louche&#8221; route de Revel. Le biscuit speculoos est fait maison.<\/em><\/li><\/ul>\n\n\n\n<ul><li>Brochettes de poulet cajun (cannelle, paprika fum\u00e9, ail, fenugrec), potatoes curcuma au four, cr\u00e8me de ma\u00efs, brunoise de courgettes aux herbes<\/li><\/ul>\n\n\n\n<figure class=\"wp-block-image size-large\"><img loading=\"lazy\" width=\"768\" height=\"1024\" src=\"http:\/\/cooknthegang.com\/wp-content\/uploads\/2021\/09\/brochettes-poulet-768x1024.jpg\" alt=\"\" class=\"wp-image-568\" srcset=\"https:\/\/cooknthegang.com\/wp-content\/uploads\/2021\/09\/brochettes-poulet-768x1024.jpg 768w, https:\/\/cooknthegang.com\/wp-content\/uploads\/2021\/09\/brochettes-poulet-225x300.jpg 225w, https:\/\/cooknthegang.com\/wp-content\/uploads\/2021\/09\/brochettes-poulet-1152x1536.jpg 1152w, https:\/\/cooknthegang.com\/wp-content\/uploads\/2021\/09\/brochettes-poulet-1536x2048.jpg 1536w, https:\/\/cooknthegang.com\/wp-content\/uploads\/2021\/09\/brochettes-poulet-scaled.jpg 1920w\" sizes=\"(max-width: 767px) 89vw, (max-width: 1000px) 54vw, (max-width: 1071px) 543px, 580px\" \/><\/figure>\n\n\n\n<ul><li>Version veg\u00e9tarienne : brochettes de seitan<\/li><li>Dessert : curd (cr\u00e8me aux \u0153ufs) citron-orange, crumble au poivre de Timut<\/li><\/ul>\n\n\n\n<ul><li><strong>Tataki d&#8217;onglet de boeuf sauce kabayaki, riz Tha\u00ef et l\u00e9gumes saut\u00e9s, cacahu\u00e8tes pil\u00e9es, coriandre fra\u00eeche, citron<\/strong><\/li><\/ul>\n\n\n\n<p><\/p>\n\n\n\n<figure class=\"wp-block-image size-large\"><img loading=\"lazy\" width=\"952\" height=\"1024\" src=\"http:\/\/cooknthegang.com\/wp-content\/uploads\/2021\/09\/Tataki-onglet-riz-noir-952x1024.jpg\" alt=\"\" class=\"wp-image-570\" srcset=\"https:\/\/cooknthegang.com\/wp-content\/uploads\/2021\/09\/Tataki-onglet-riz-noir-952x1024.jpg 952w, https:\/\/cooknthegang.com\/wp-content\/uploads\/2021\/09\/Tataki-onglet-riz-noir-279x300.jpg 279w, https:\/\/cooknthegang.com\/wp-content\/uploads\/2021\/09\/Tataki-onglet-riz-noir-768x826.jpg 768w, https:\/\/cooknthegang.com\/wp-content\/uploads\/2021\/09\/Tataki-onglet-riz-noir-1429x1536.jpg 1429w, https:\/\/cooknthegang.com\/wp-content\/uploads\/2021\/09\/Tataki-onglet-riz-noir-1905x2048.jpg 1905w\" sizes=\"(max-width: 767px) 89vw, (max-width: 1000px) 54vw, (max-width: 1071px) 543px, 580px\" \/><\/figure>\n\n\n\n<ul><li><em>L&#8217;onglet est similaire \u00e0 la bavette, le boeuf est fran\u00e7ais et achet\u00e9 au march\u00e9 Victor Hugo<\/em><\/li><li><em>L\u00e9gumes bio de Verdun-sur-Garonne. Cette sauce d&#8217;origine japonaise est une r\u00e9duction de shoyu, mirin, sak\u00e9 et sucre<\/em><\/li><\/ul>\n\n\n\n<figure class=\"wp-block-image size-large\"><img loading=\"lazy\" width=\"1024\" height=\"831\" src=\"http:\/\/cooknthegang.com\/wp-content\/uploads\/2020\/04\/Yassa-poulet-1024x831.jpg\" alt=\"\" class=\"wp-image-267\" srcset=\"https:\/\/cooknthegang.com\/wp-content\/uploads\/2020\/04\/Yassa-poulet-1024x831.jpg 1024w, https:\/\/cooknthegang.com\/wp-content\/uploads\/2020\/04\/Yassa-poulet-300x244.jpg 300w, https:\/\/cooknthegang.com\/wp-content\/uploads\/2020\/04\/Yassa-poulet-768x623.jpg 768w, https:\/\/cooknthegang.com\/wp-content\/uploads\/2020\/04\/Yassa-poulet-1536x1247.jpg 1536w, https:\/\/cooknthegang.com\/wp-content\/uploads\/2020\/04\/Yassa-poulet-2048x1662.jpg 2048w\" sizes=\"(max-width: 767px) 89vw, (max-width: 1000px) 54vw, (max-width: 1071px) 543px, 580px\" \/><\/figure>\n\n\n\n<ul><li><strong>Poulet fermier fa\u00e7on Yassa (revisit\u00e9), p\u00e2te de piment maison<\/strong><\/li><li><em>Poulet fermier label rouge marin\u00e9 au citron, moutarde et thym, saut\u00e9 pour le croustillant puis brais\u00e9 dans sa marinade avec du jus de volaille maison et des oignons  (je n&#8217;utilise pas de cube plein de glutamate dans ma cuisine, et les saveurs d&#8217;un jus maison sont sans comparaison). Ce plat n&#8217;est pas piment\u00e9, mais accepte volontiers la compagnie d&#8217;une p\u00e2te de piment maison (relev\u00e9e mais pas forte selon le r\u00e9f\u00e9rentiel africain)<\/em><\/li><li>Tarte fine aux pommes<\/li><\/ul>\n\n\n\n<figure class=\"wp-block-image size-large\"><img loading=\"lazy\" width=\"1024\" height=\"704\" src=\"http:\/\/cooknthegang.com\/wp-content\/uploads\/2020\/05\/Couscous-boulettes-1024x704.jpg\" alt=\"\" class=\"wp-image-386\" srcset=\"https:\/\/cooknthegang.com\/wp-content\/uploads\/2020\/05\/Couscous-boulettes-1024x704.jpg 1024w, https:\/\/cooknthegang.com\/wp-content\/uploads\/2020\/05\/Couscous-boulettes-300x206.jpg 300w, https:\/\/cooknthegang.com\/wp-content\/uploads\/2020\/05\/Couscous-boulettes-768x528.jpg 768w, https:\/\/cooknthegang.com\/wp-content\/uploads\/2020\/05\/Couscous-boulettes-1536x1057.jpg 1536w, https:\/\/cooknthegang.com\/wp-content\/uploads\/2020\/05\/Couscous-boulettes-2048x1409.jpg 2048w\" sizes=\"(max-width: 767px) 89vw, (max-width: 1000px) 54vw, (max-width: 1071px) 543px, 580px\" \/><\/figure>\n\n\n\n<ul><li><strong>Le coucous boulettes du Gang<\/strong>, confiture d&#8217;oignons \u00e0 la cannelle, semoule curcuma et raisins secs, harissa maison<\/li><li><em>L\u00e9gumes bio et locaux (f\u00e8ves fra\u00eeches, carottes, pois chiche, navet), boulettes de boeuf \u00e9pic\u00e9es (mais pas piment\u00e9es !)<\/em>.<\/li><li><strong>Cr\u00e8me chocolat 65%, amande et tofu soyeux <\/strong>(vegan)<\/li><\/ul>\n\n\n\n<ul><li><strong>Risotto aux asperges vertes, coppa du cochon r\u00e9galeur<\/strong> <\/li><li><em>Riz rond cuit dans un fond blanc maison, asperges vertes bio produites \u00e0 Verdun-sur-Garonne, parmesan, un peu de beurre et persil. La coppa vient du &#8220;meilleur charcutier de Toulouse&#8221; (c&#8217;est un point de vue) : le cochon r\u00e9galeur, que vous retrouvez au march\u00e9 Victor Hugo. De l&#8217;\u00e9levage \u00e0 la salaison, tout est fait dans la r\u00e9gion, dans le respect de la vie animale.<\/em><\/li><li>Cr\u00e8me brul\u00e9e<\/li><\/ul>\n\n\n\n<div class=\"wp-block-image\"><figure class=\"aligncenter size-large is-resized\"><img loading=\"lazy\" src=\"http:\/\/cooknthegang.com\/wp-content\/uploads\/2020\/05\/Creme-brulee-1024x806.jpg\" alt=\"Cr\u00e8me brul\u00e9e\" class=\"wp-image-310\" width=\"361\" height=\"283\" srcset=\"https:\/\/cooknthegang.com\/wp-content\/uploads\/2020\/05\/Creme-brulee-1024x806.jpg 1024w, https:\/\/cooknthegang.com\/wp-content\/uploads\/2020\/05\/Creme-brulee-300x236.jpg 300w, https:\/\/cooknthegang.com\/wp-content\/uploads\/2020\/05\/Creme-brulee-768x604.jpg 768w, https:\/\/cooknthegang.com\/wp-content\/uploads\/2020\/05\/Creme-brulee-1536x1209.jpg 1536w, https:\/\/cooknthegang.com\/wp-content\/uploads\/2020\/05\/Creme-brulee-2048x1612.jpg 2048w\" sizes=\"(max-width: 361px) 100vw, 361px\" \/><\/figure><\/div>\n\n\n\n<ul><li>Salade C\u00e9sar (salade fra\u00eeche, poulet, oeuf mollet, copeaux de parmesan, croutons, sauce C\u00e9sar)<\/li><li>Panna Cotta thym citron et coulis d&#8217;abricot<\/li><\/ul>\n\n\n\n<figure class=\"wp-block-image size-large\"><img loading=\"lazy\" width=\"1024\" height=\"576\" src=\"http:\/\/cooknthegang.com\/wp-content\/uploads\/2020\/05\/Salade-cesar-1024x576.jpg\" alt=\"\" class=\"wp-image-311\" srcset=\"https:\/\/cooknthegang.com\/wp-content\/uploads\/2020\/05\/Salade-cesar-1024x576.jpg 1024w, https:\/\/cooknthegang.com\/wp-content\/uploads\/2020\/05\/Salade-cesar-300x169.jpg 300w, https:\/\/cooknthegang.com\/wp-content\/uploads\/2020\/05\/Salade-cesar-768x432.jpg 768w, https:\/\/cooknthegang.com\/wp-content\/uploads\/2020\/05\/Salade-cesar-1536x864.jpg 1536w, https:\/\/cooknthegang.com\/wp-content\/uploads\/2020\/05\/Salade-cesar-2048x1152.jpg 2048w\" sizes=\"(max-width: 767px) 89vw, (max-width: 1000px) 54vw, (max-width: 1071px) 543px, 580px\" \/><\/figure>\n\n\n\n<ul><li>Poulet \u201cVall\u00e9e d\u2019Auge\u201d, champignons et riz rond au bouillon<\/li><li><em>Poulet label rouge d\u00e9coup\u00e9 en 6 portions, cuit en cocotte au jus  (pr\u00e9alablement flamb\u00e9 au calvados), accompagn\u00e9 de champignons, carottes,  et de riz rond cuit dans un bouillon maison. La sauce est une r\u00e9duction  de jus de volaille et cr\u00e8me.<\/em><\/li><li>Part de tarte au citron meringu\u00e9e maison<\/li><\/ul>\n\n\n\n<figure class=\"wp-block-image size-large\"><img loading=\"lazy\" width=\"1024\" height=\"961\" src=\"http:\/\/cooknthegang.com\/wp-content\/uploads\/2020\/04\/Poulet-flambe-cocotte-1-1024x961.jpg\" alt=\"\" class=\"wp-image-270\" srcset=\"https:\/\/cooknthegang.com\/wp-content\/uploads\/2020\/04\/Poulet-flambe-cocotte-1-1024x961.jpg 1024w, https:\/\/cooknthegang.com\/wp-content\/uploads\/2020\/04\/Poulet-flambe-cocotte-1-300x282.jpg 300w, https:\/\/cooknthegang.com\/wp-content\/uploads\/2020\/04\/Poulet-flambe-cocotte-1-768x721.jpg 768w, https:\/\/cooknthegang.com\/wp-content\/uploads\/2020\/04\/Poulet-flambe-cocotte-1-1536x1442.jpg 1536w, https:\/\/cooknthegang.com\/wp-content\/uploads\/2020\/04\/Poulet-flambe-cocotte-1-2048x1923.jpg 2048w\" sizes=\"(max-width: 767px) 89vw, (max-width: 1000px) 54vw, (max-width: 1071px) 543px, 580px\" \/><\/figure>\n\n\n\n<ul><li>Lasagnes ricotta \u00e9pinards, coulis de tomate dessus dessous<\/li><li><em>Les \u00e9pinards sont bio et proviennent du potager de Verlhac, \u00e0 Verlhac Tescou (82230)<\/em><\/li><\/ul>\n\n\n\n<figure class=\"wp-block-image size-large\"><img loading=\"lazy\" width=\"1024\" height=\"768\" src=\"http:\/\/cooknthegang.com\/wp-content\/uploads\/2020\/03\/lasagnes-epinard-ricotta-1024x768.jpg\" alt=\"\" class=\"wp-image-121\" srcset=\"https:\/\/cooknthegang.com\/wp-content\/uploads\/2020\/03\/lasagnes-epinard-ricotta-1024x768.jpg 1024w, https:\/\/cooknthegang.com\/wp-content\/uploads\/2020\/03\/lasagnes-epinard-ricotta-300x225.jpg 300w, https:\/\/cooknthegang.com\/wp-content\/uploads\/2020\/03\/lasagnes-epinard-ricotta-768x576.jpg 768w, https:\/\/cooknthegang.com\/wp-content\/uploads\/2020\/03\/lasagnes-epinard-ricotta-1536x1152.jpg 1536w, https:\/\/cooknthegang.com\/wp-content\/uploads\/2020\/03\/lasagnes-epinard-ricotta-2048x1536.jpg 2048w\" sizes=\"(max-width: 767px) 89vw, (max-width: 1000px) 54vw, (max-width: 1071px) 543px, 580px\" \/><\/figure>\n","protected":false},"excerpt":{"rendered":"<p>Notre cuisine se veut cr\u00e9ative, saine, et m\u00e9tiss\u00e9e. Elle prend ses racines dans la gastronomie Fran\u00e7aise, M\u00e9diterran\u00e9enne (notamment l&#8217;Italie et le Moyen-Orient), et Asiatique. Vous trouverez ici des menus que l&#8217;on a mis en \u0153uvre, et ainsi d\u00e9couvrir un peu de notre identit\u00e9 culinaire. Notre carte change constamment au cours du temps, notamment en fonction &hellip; <\/p>\n<p class=\"link-more\"><a href=\"https:\/\/cooknthegang.com\/index.php\/menus\/\" class=\"more-link\">Continue reading<span class=\"screen-reader-text\"> &#8220;Notre cuisine&#8221;<\/span><\/a><\/p>\n","protected":false},"author":1,"featured_media":0,"parent":0,"menu_order":0,"comment_status":"closed","ping_status":"closed","template":"","meta":[],"_links":{"self":[{"href":"https:\/\/cooknthegang.com\/index.php\/wp-json\/wp\/v2\/pages\/187"}],"collection":[{"href":"https:\/\/cooknthegang.com\/index.php\/wp-json\/wp\/v2\/pages"}],"about":[{"href":"https:\/\/cooknthegang.com\/index.php\/wp-json\/wp\/v2\/types\/page"}],"author":[{"embeddable":true,"href":"https:\/\/cooknthegang.com\/index.php\/wp-json\/wp\/v2\/users\/1"}],"replies":[{"embeddable":true,"href":"https:\/\/cooknthegang.com\/index.php\/wp-json\/wp\/v2\/comments?post=187"}],"version-history":[{"count":28,"href":"https:\/\/cooknthegang.com\/index.php\/wp-json\/wp\/v2\/pages\/187\/revisions"}],"predecessor-version":[{"id":573,"href":"https:\/\/cooknthegang.com\/index.php\/wp-json\/wp\/v2\/pages\/187\/revisions\/573"}],"wp:attachment":[{"href":"https:\/\/cooknthegang.com\/index.php\/wp-json\/wp\/v2\/media?parent=187"}],"curies":[{"name":"wp","href":"https:\/\/api.w.org\/{rel}","templated":true}]}}