{"id":7,"date":"2020-01-19T11:47:01","date_gmt":"2020-01-19T10:47:01","guid":{"rendered":"http:\/\/cooknthegang.com\/?page_id=7"},"modified":"2020-10-07T08:32:01","modified_gmt":"2020-10-07T06:32:01","slug":"home","status":"publish","type":"page","link":"https:\/\/cooknthegang.com\/","title":{"rendered":"Une cuisine gourmande, saine et m\u00e9tiss\u00e9e, o\u00f9 que vous soyez !"},"content":{"rendered":"\n<figure class=\"wp-block-image size-large\"><img loading=\"lazy\" width=\"1024\" height=\"137\" src=\"http:\/\/cooknthegang.com\/wp-content\/uploads\/2020\/01\/Cookthegang-1024x137.png\" alt=\"\" class=\"wp-image-13\" srcset=\"https:\/\/cooknthegang.com\/wp-content\/uploads\/2020\/01\/Cookthegang-1024x137.png 1024w, https:\/\/cooknthegang.com\/wp-content\/uploads\/2020\/01\/Cookthegang-300x40.png 300w, https:\/\/cooknthegang.com\/wp-content\/uploads\/2020\/01\/Cookthegang-768x103.png 768w, https:\/\/cooknthegang.com\/wp-content\/uploads\/2020\/01\/Cookthegang.png 1400w\" sizes=\"(max-width: 767px) 89vw, (max-width: 1000px) 54vw, (max-width: 1071px) 543px, 580px\" \/><\/figure>\n\n\n\n<p>Cook &amp; the Gang propose un service de restauration mobile de qualit\u00e9 autour de Toulouse et sa r\u00e9gion. Notre cuisine cr\u00e9ative, bas\u00e9e sur des produits en circuit court et de saison, vogue entre la gastronomie Fran\u00e7aise, M\u00e9diterran\u00e9enne et Asiatique. <\/p>\n\n\n\n<p>Contactez nous pour des prestations traiteurs en livraison, prestations foodtruck (avec la caravane), pour des \u00e9v\u00e9nements publics ou priv\u00e9s (anniversaires, mariages ou autres). Nous pouvons vous proposer des menus \u00e0 notre carte, et revoir avec vous la proposition afin de l&#8217;adapter \u00e0 vos envies. Notre but : vous r\u00e9galer, exprimer notre cr\u00e9ativit\u00e9 en cuisine, en toute convivialit\u00e9 ! Plus d&#8217;infos <a href=\"http:\/\/cooknthegang.com\/index.php\/about\/\">ici<\/a>.<\/p>\n","protected":false},"excerpt":{"rendered":"<p>Cook &amp; the Gang propose un service de restauration mobile de qualit\u00e9 autour de Toulouse et sa r\u00e9gion. Notre cuisine cr\u00e9ative, bas\u00e9e sur des produits en circuit court et de saison, vogue entre la gastronomie Fran\u00e7aise, M\u00e9diterran\u00e9enne et Asiatique. Contactez nous pour des prestations traiteurs en livraison, prestations foodtruck (avec la caravane), pour des \u00e9v\u00e9nements &hellip; <\/p>\n<p class=\"link-more\"><a href=\"https:\/\/cooknthegang.com\/\" class=\"more-link\">Continue reading<span class=\"screen-reader-text\"> &#8220;Une cuisine gourmande, saine et m\u00e9tiss\u00e9e, o\u00f9 que vous soyez !&#8221;<\/span><\/a><\/p>\n","protected":false},"author":1,"featured_media":0,"parent":0,"menu_order":0,"comment_status":"closed","ping_status":"closed","template":"","meta":[],"_links":{"self":[{"href":"https:\/\/cooknthegang.com\/index.php\/wp-json\/wp\/v2\/pages\/7"}],"collection":[{"href":"https:\/\/cooknthegang.com\/index.php\/wp-json\/wp\/v2\/pages"}],"about":[{"href":"https:\/\/cooknthegang.com\/index.php\/wp-json\/wp\/v2\/types\/page"}],"author":[{"embeddable":true,"href":"https:\/\/cooknthegang.com\/index.php\/wp-json\/wp\/v2\/users\/1"}],"replies":[{"embeddable":true,"href":"https:\/\/cooknthegang.com\/index.php\/wp-json\/wp\/v2\/comments?post=7"}],"version-history":[{"count":181,"href":"https:\/\/cooknthegang.com\/index.php\/wp-json\/wp\/v2\/pages\/7\/revisions"}],"predecessor-version":[{"id":544,"href":"https:\/\/cooknthegang.com\/index.php\/wp-json\/wp\/v2\/pages\/7\/revisions\/544"}],"wp:attachment":[{"href":"https:\/\/cooknthegang.com\/index.php\/wp-json\/wp\/v2\/media?parent=7"}],"curies":[{"name":"wp","href":"https:\/\/api.w.org\/{rel}","templated":true}]}}