{"id":8,"date":"2020-01-19T11:47:01","date_gmt":"2020-01-19T10:47:01","guid":{"rendered":"http:\/\/cooknthegang.com\/?page_id=8"},"modified":"2021-09-28T09:36:43","modified_gmt":"2021-09-28T07:36:43","slug":"about","status":"publish","type":"page","link":"https:\/\/cooknthegang.com\/index.php\/about\/","title":{"rendered":"Nos services"},"content":{"rendered":"<p>Nous proposons des prestations traiteur, pour des \u00e9v\u00e9nements priv\u00e9s comme des anniversaires ou mariages ou des\u00e9v\u00e9nements culturels. Faites appel \u00e0 nous et profitez pleinement de vos \u00e9v\u00e9nements priv\u00e9s et de vos invit\u00e9s. Nous nous occupons de toute la partie culinaire ! Le menu sera concoct\u00e9 avec vous, en fonction de vos attentes, vos go\u00fbts, en fonction de la saison, et de la fa\u00e7on dont les convives vont pouvoir manger nos plats. Nous pouvons nous d\u00e9placer autour de Toulouse et sa r\u00e9gion, avec ou sans notre caravane cuisine.<\/p>\n\n\n<div class=\"wp-block-image\"><figure class=\"aligncenter size-large\"><img loading=\"lazy\" width=\"517\" height=\"776\" src=\"http:\/\/cooknthegang.com\/wp-content\/uploads\/2021\/09\/Ramen-du-banc-1.jpg\" alt=\"\" class=\"wp-image-564\" srcset=\"https:\/\/cooknthegang.com\/wp-content\/uploads\/2021\/09\/Ramen-du-banc-1.jpg 517w, https:\/\/cooknthegang.com\/wp-content\/uploads\/2021\/09\/Ramen-du-banc-1-200x300.jpg 200w\" sizes=\"(max-width: 517px) 100vw, 517px\" \/><\/figure><\/div>\n","protected":false},"excerpt":{"rendered":"<p>Nous proposons des prestations traiteur, pour des \u00e9v\u00e9nements priv\u00e9s comme des anniversaires ou mariages ou des\u00e9v\u00e9nements culturels. Faites appel \u00e0 nous et profitez pleinement de vos \u00e9v\u00e9nements priv\u00e9s et de vos invit\u00e9s. Nous nous occupons de toute la partie culinaire ! Le menu sera concoct\u00e9 avec vous, en fonction de vos attentes, vos go\u00fbts, en &hellip; <\/p>\n<p class=\"link-more\"><a href=\"https:\/\/cooknthegang.com\/index.php\/about\/\" class=\"more-link\">Continue reading<span class=\"screen-reader-text\"> &#8220;Nos services&#8221;<\/span><\/a><\/p>\n","protected":false},"author":1,"featured_media":76,"parent":0,"menu_order":0,"comment_status":"closed","ping_status":"closed","template":"","meta":[],"_links":{"self":[{"href":"https:\/\/cooknthegang.com\/index.php\/wp-json\/wp\/v2\/pages\/8"}],"collection":[{"href":"https:\/\/cooknthegang.com\/index.php\/wp-json\/wp\/v2\/pages"}],"about":[{"href":"https:\/\/cooknthegang.com\/index.php\/wp-json\/wp\/v2\/types\/page"}],"author":[{"embeddable":true,"href":"https:\/\/cooknthegang.com\/index.php\/wp-json\/wp\/v2\/users\/1"}],"replies":[{"embeddable":true,"href":"https:\/\/cooknthegang.com\/index.php\/wp-json\/wp\/v2\/comments?post=8"}],"version-history":[{"count":14,"href":"https:\/\/cooknthegang.com\/index.php\/wp-json\/wp\/v2\/pages\/8\/revisions"}],"predecessor-version":[{"id":566,"href":"https:\/\/cooknthegang.com\/index.php\/wp-json\/wp\/v2\/pages\/8\/revisions\/566"}],"wp:featuredmedia":[{"embeddable":true,"href":"https:\/\/cooknthegang.com\/index.php\/wp-json\/wp\/v2\/media\/76"}],"wp:attachment":[{"href":"https:\/\/cooknthegang.com\/index.php\/wp-json\/wp\/v2\/media?parent=8"}],"curies":[{"name":"wp","href":"https:\/\/api.w.org\/{rel}","templated":true}]}}